{"id":257,"date":"2022-08-01T03:19:20","date_gmt":"2022-08-01T03:19:20","guid":{"rendered":"http:\/\/agility.asesoresmej.com\/?page_id=257"},"modified":"2022-11-02T23:50:18","modified_gmt":"2022-11-02T23:50:18","slug":"ux-service","status":"publish","type":"page","link":"https:\/\/agilityps.mx\/index.php\/ux-service\/","title":{"rendered":"UX Service"},"content":{"rendered":"<p>[et_pb_section fb_built=&#8221;1&#8243; admin_label=&#8221;Learn by Doing&#8221; _builder_version=&#8221;4.17.4&#8243; _module_preset=&#8221;default&#8221; background_color=&#8221;#f4f4f4&#8243; custom_margin=&#8221;60px||||false|false&#8221; custom_padding=&#8221;10px|0px|10px|0px|true|false&#8221; locked=&#8221;off&#8221; global_colors_info=&#8221;{}&#8221;][et_pb_row column_structure=&#8221;1_2,1_2&#8243; _builder_version=&#8221;4.17.4&#8243; _module_preset=&#8221;default&#8221; custom_padding=&#8221;90px|0px|60px|0px|false|false&#8221; border_color_bottom=&#8221;rgba(0,0,0,0.23)&#8221; global_colors_info=&#8221;{}&#8221;][et_pb_column type=&#8221;1_2&#8243; _builder_version=&#8221;4.16&#8243; _module_preset=&#8221;default&#8221; custom_padding=&#8221;|||&#8221; global_colors_info=&#8221;{}&#8221; custom_padding__hover=&#8221;|||&#8221;][et_pb_image src=&#8221;http:\/\/agilityps.mx\/wp-content\/uploads\/2022\/07\/plan-estrategico.png&#8221; title_text=&#8221;plan-estrategico&#8221; align_tablet=&#8221;left&#8221; align_phone=&#8221;left&#8221; align_last_edited=&#8221;on|phone&#8221; _builder_version=&#8221;4.17.6&#8243; _module_preset=&#8221;default&#8221; max_width=&#8221;64px&#8221; animation_style=&#8221;fade&#8221; hover_enabled=&#8221;0&#8243; locked=&#8221;off&#8221; global_colors_info=&#8221;{}&#8221; sticky_enabled=&#8221;0&#8243;][\/et_pb_image][et_pb_text _builder_version=&#8221;4.17.6&#8243; _module_preset=&#8221;default&#8221; text_font=&#8221;|700|||||||&#8221; text_text_color=&#8221;#FBB040&#8243; header_font=&#8221;||||||||&#8221; header_2_font=&#8221;|700|||||||&#8221; header_2_text_color=&#8221;#FBB040&#8243; header_2_font_size=&#8221;36px&#8221; header_2_line_height=&#8221;1.3em&#8221; custom_margin=&#8221;||20px|&#8221; animation_style=&#8221;fade&#8221; animation_direction=&#8221;bottom&#8221; locked=&#8221;off&#8221; global_colors_info=&#8221;{}&#8221; header_font_size__hover=&#8221;30px&#8221; header_font_size__hover_enabled=&#8221;30px&#8221; header_letter_spacing__hover=&#8221;0px&#8221; header_letter_spacing__hover_enabled=&#8221;0px&#8221; header_text_shadow_style__hover=&#8221;none&#8221; header_text_shadow_style__hover_enabled=&#8221;none&#8221; header_text_shadow_color__hover=&#8221;rgba(0,0,0,0.4)&#8221; header_text_shadow_color__hover_enabled=&#8221;rgba(0,0,0,0.4)&#8221;]<\/p>\n<h2>UX Service<\/h2>\n<p>[\/et_pb_text][et_pb_divider color=&#8221;#25C3F3&#8243; divider_weight=&#8221;4px&#8221; disabled_on=&#8221;on|on|off&#8221; _builder_version=&#8221;4.17.4&#8243; _module_preset=&#8221;default&#8221; background_size=&#8221;initial&#8221; background_position=&#8221;top_left&#8221; background_repeat=&#8221;repeat&#8221; max_width=&#8221;40px&#8221; module_alignment=&#8221;left&#8221; custom_margin=&#8221;||10px|&#8221; animation_style=&#8221;zoom&#8221; animation_direction=&#8221;left&#8221; saved_tabs=&#8221;all&#8221; locked=&#8221;off&#8221; global_colors_info=&#8221;{}&#8221;][\/et_pb_divider][et_pb_text _builder_version=&#8221;4.17.6&#8243; _module_preset=&#8221;default&#8221; text_font=&#8221;||||||||&#8221; text_text_color=&#8221;#8585bd&#8221; text_font_size=&#8221;16px&#8221; text_line_height=&#8221;1.9em&#8221; header_font=&#8221;||||||||&#8221; header_4_font=&#8221;||||||||&#8221; header_4_font_size=&#8221;20px&#8221; header_4_line_height=&#8221;2em&#8221; animation_style=&#8221;zoom&#8221; animation_intensity_zoom=&#8221;6%&#8221; locked=&#8221;off&#8221; global_colors_info=&#8221;{}&#8221;]<\/p>\n<h4>Mediante la evaluaci\u00f3n, investigaci\u00f3n y aplicaci\u00f3n de diferentes metodolog\u00edas UX, se busca el mejoramiento de productos nuevos y existentes con la finalidad de maximizar su adopci\u00f3n. Con una experiencia de usuario satisfactoria se crean productos de valor para el usuario, buscando la maximizaci\u00f3n de recursos y un mayor \u00edndice de \u00e9xito.<\/h4>\n<p>[\/et_pb_text][\/et_pb_column][et_pb_column type=&#8221;1_2&#8243; _builder_version=&#8221;4.16&#8243; _module_preset=&#8221;default&#8221; custom_padding=&#8221;|||&#8221; global_colors_info=&#8221;{}&#8221; custom_padding__hover=&#8221;|||&#8221;][dipi_image_mask image=&#8221;http:\/\/agilityps.mx\/wp-content\/uploads\/2022\/07\/high-angle-of-people-at-the-office-writing-ideas-on-sticky-notes-scaled.webp&#8221; shape=&#8221;Shape7&#8243; shape_rotate=&#8221;93deg&#8221; image_width=&#8221;147%&#8221; image_horz=&#8221;-212&#8243; image_vert=&#8221;49&#8243; layer_1_enable=&#8221;on&#8221; layer_1_background_type=&#8221;Gradient&#8221; layer_1_gradient_color_start=&#8221;#25C3F3&#8243; layer_1_gradient_color_end=&#8221;#FBB040&#8243; layer_2_enable=&#8221;on&#8221; docration_element_1=&#8221;DottedShape&#8221; layer_2_background_color=&#8221;#FBB040&#8243; layer_2_horz=&#8221;-17%&#8221; layer_2_vert=&#8221;-35%&#8221; layer_2_scale=&#8221;0.67&#8243; _builder_version=&#8221;4.17.6&#8243; _module_preset=&#8221;default&#8221; custom_margin=&#8221;80px||80px||true|false&#8221; animation_style=&#8221;fade&#8221; global_colors_info=&#8221;{}&#8221;][\/dipi_image_mask][\/et_pb_column][\/et_pb_row][\/et_pb_section][et_pb_section fb_built=&#8221;1&#8243; disabled_on=&#8221;on|on|on&#8221; _builder_version=&#8221;4.17.6&#8243; _module_preset=&#8221;default&#8221; disabled=&#8221;on&#8221; global_colors_info=&#8221;{}&#8221;][et_pb_row _builder_version=&#8221;4.17.4&#8243; _module_preset=&#8221;default&#8221; global_colors_info=&#8221;{}&#8221;][et_pb_column type=&#8221;4_4&#8243; _builder_version=&#8221;4.17.4&#8243; _module_preset=&#8221;default&#8221; global_colors_info=&#8221;{}&#8221;][dipi_carousel columns=&#8221;3&#8243; space_between=&#8221;20&#8243; show_lightbox=&#8221;off&#8221; navigation=&#8221;on&#8221; pagination=&#8221;on&#8221; navigation_color=&#8221;#25C3F3&#8243; navigation_bg_color=&#8221;RGBA(255,255,255,0)&#8221; pagination_color=&#8221;rgba(251,176,64,0.4)&#8221; pagination_active_color=&#8221;#FBB040&#8243; _builder_version=&#8221;4.17.4&#8243; _module_preset=&#8221;default&#8221; desc_text_color=&#8221;#FFFFFF&#8221; text_orientation=&#8221;center&#8221; global_colors_info=&#8221;{}&#8221;][dipi_carousel_child label=&#8221;Servicios de entrenamiento&#8221; img_src=&#8221;http:\/\/agilityps.mx\/wp-content\/uploads\/2022\/07\/educacion.png&#8221; title_text=&#8221;Servicios de entrenamiento&#8221; desc_text=&#8221;<\/p>\n<p>Ruta de Agilidad<\/p>\n<p>Diplomado Design Thinking<\/p>\n<p>Diplomado Product Owner<\/p>\n<p>Cursos privados<\/p>\n<p>&#8221; img_width=&#8221;30%&#8221; _builder_version=&#8221;4.17.4&#8243; _module_preset=&#8221;default&#8221; title_font=&#8221;|700|||||||&#8221; title_text_color=&#8221;#FBB040&#8243; title_font_size=&#8221;22px&#8221; title_line_height=&#8221;1.4em&#8221; desc_text_color=&#8221;#FFFFFF&#8221; desc_font_size=&#8221;16px&#8221; desc_line_height=&#8221;1.1em&#8221; background_color=&#8221;#292929&#8243; background_enable_color=&#8221;on&#8221; custom_padding=&#8221;||52px||false|false&#8221; border_radii=&#8221;on|20px|20px|20px|20px&#8221; border_width_all=&#8221;20px&#8221; border_color_all=&#8221;RGBA(255,255,255,0)&#8221; global_colors_info=&#8221;{}&#8221;][\/dipi_carousel_child][dipi_carousel_child label=&#8221;Servicios de Certificaciones&#8221; img_src=&#8221;http:\/\/agilityps.mx\/wp-content\/uploads\/2022\/07\/insignia.png&#8221; title_text=&#8221;Servicios de Certificaciones&#8221; desc_text=&#8221;<\/p>\n<p>Scrum Fundamentals Certified (SFC)<\/p>\n<p>Scrum Master Certified (SMC)<\/p>\n<p>Scrum Product Owner Certified (SPOC)<\/p>\n<p>Scrum Developer Certified (SDC)<\/p>\n<p>&#8221; img_width=&#8221;30%&#8221; _builder_version=&#8221;4.17.4&#8243; _module_preset=&#8221;default&#8221; title_font=&#8221;|700|||||||&#8221; title_text_color=&#8221;#FBB040&#8243; title_font_size=&#8221;22px&#8221; title_line_height=&#8221;1.4em&#8221; desc_text_color=&#8221;#FFFFFF&#8221; desc_font_size=&#8221;16px&#8221; desc_line_height=&#8221;1.1em&#8221; background_color=&#8221;#292929&#8243; background_enable_color=&#8221;on&#8221; border_radii=&#8221;on|20px|20px|20px|20px&#8221; border_width_all=&#8221;20px&#8221; border_color_all=&#8221;RGBA(255,255,255,0)&#8221; global_colors_info=&#8221;{}&#8221;][\/dipi_carousel_child][dipi_carousel_child label=&#8221;Servicios de talleres (laboratorios)&#8221; img_src=&#8221;http:\/\/agilityps.mx\/wp-content\/uploads\/2022\/07\/mejores-practicas-1.png&#8221; title_text=&#8221;Servicios de talleres (laboratorios)&#8221; desc_text=&#8221;<\/p>\n<p>Facilitar sesiones con pr\u00e1cticas Lean-Agile-Thinking que permitan a los<br \/>equipos la mejora contin\u00faa realizando propuestas de soluci\u00f3n creativas,<br \/>innovadoras y disruptivas.<\/p>\n<p>&#8221; img_width=&#8221;30%&#8221; _builder_version=&#8221;4.17.4&#8243; _module_preset=&#8221;default&#8221; title_font=&#8221;|700|||||||&#8221; title_text_color=&#8221;#FBB040&#8243; title_font_size=&#8221;22px&#8221; title_line_height=&#8221;1.4em&#8221; desc_text_color=&#8221;#FFFFFF&#8221; desc_font_size=&#8221;16px&#8221; desc_line_height=&#8221;1.5em&#8221; background_color=&#8221;#292929&#8243; background_enable_color=&#8221;on&#8221; border_radii=&#8221;on|20px|20px|20px|20px&#8221; border_width_all=&#8221;20px&#8221; border_color_all=&#8221;RGBA(255,255,255,0)&#8221; global_colors_info=&#8221;{}&#8221;][\/dipi_carousel_child][\/dipi_carousel][\/et_pb_column][\/et_pb_row][\/et_pb_section][et_pb_section fb_built=&#8221;1&#8243; module_id=&#8221;Clientes&#8221; _builder_version=&#8221;4.17.4&#8243; _module_preset=&#8221;default&#8221; background_color=&#8221;#f4f4f4&#8243; locked=&#8221;off&#8221; global_colors_info=&#8221;{}&#8221;][et_pb_row _builder_version=&#8221;4.17.4&#8243; _module_preset=&#8221;default&#8221; global_colors_info=&#8221;{}&#8221;][et_pb_column type=&#8221;4_4&#8243; _builder_version=&#8221;4.17.4&#8243; _module_preset=&#8221;default&#8221; global_colors_info=&#8221;{}&#8221;][et_pb_text _builder_version=&#8221;4.17.4&#8243; _module_preset=&#8221;default&#8221; text_text_color=&#8221;#FBB040&#8243; header_font=&#8221;||||||||&#8221; header_2_font=&#8221;|700|||||||&#8221; header_2_text_color=&#8221;#292929&#8243; header_2_font_size=&#8221;36px&#8221; header_2_line_height=&#8221;1.3em&#8221; text_orientation=&#8221;center&#8221; custom_margin=&#8221;||20px|&#8221; animation_style=&#8221;slide&#8221; animation_direction=&#8221;bottom&#8221; animation_intensity_slide=&#8221;10%&#8221; global_colors_info=&#8221;{}&#8221;]<\/p>\n<h2>Principales clientes<\/h2>\n<p>[\/et_pb_text][\/et_pb_column][\/et_pb_row][et_pb_row use_custom_gutter=&#8221;on&#8221; gutter_width=&#8221;1&#8243; module_class=&#8221; et_pb_row_fullwidth et_pb_row_fullwidth&#8221; _builder_version=&#8221;4.16&#8243; width=&#8221;100%&#8221; width_tablet=&#8221;100%&#8221; width_phone=&#8221;&#8221; width_last_edited=&#8221;on|desktop&#8221; max_width=&#8221;100%&#8221; max_width_tablet=&#8221;100%&#8221; max_width_phone=&#8221;&#8221; max_width_last_edited=&#8221;on|desktop&#8221; make_fullwidth=&#8221;on&#8221; locked=&#8221;off&#8221; global_colors_info=&#8221;{}&#8221;][et_pb_column type=&#8221;4_4&#8243; _builder_version=&#8221;4.16&#8243; custom_padding=&#8221;|||&#8221; global_colors_info=&#8221;{}&#8221; custom_padding__hover=&#8221;|||&#8221;][dica_divi_carousel show_items_desktop=&#8221;5&#8243; centermode=&#8221;on&#8221; loop=&#8221;on&#8221; autoplay=&#8221;on&#8221; scroller_effect=&#8221;on&#8221; advanced_effect=&#8221;1&#8243; image_sizing=&#8221;200px&#8221; _builder_version=&#8221;4.17.6&#8243; global_colors_info=&#8221;{}&#8221;][dica_divi_carouselitem button_url_new_window=&#8221;1&#8243; image=&#8221;http:\/\/agilityps.mx\/wp-content\/uploads\/2022\/07\/Elektra-300&#215;143-1.png&#8221; custom_padding=&#8221;20px||||false|false&#8221; _builder_version=&#8221;4.17.4&#8243; global_colors_info=&#8221;{}&#8221;][\/dica_divi_carouselitem][dica_divi_carouselitem button_url_new_window=&#8221;1&#8243; image=&#8221;http:\/\/agilityps.mx\/wp-content\/uploads\/2022\/07\/Grupo-Salinas-300&#215;215-1.png&#8221; _builder_version=&#8221;4.17.4&#8243; global_colors_info=&#8221;{}&#8221;][\/dica_divi_carouselitem][\/dica_divi_carousel][\/et_pb_column][\/et_pb_row][\/et_pb_section]<\/p>\n","protected":false},"excerpt":{"rendered":"<p>UX ServiceMediante la evaluaci\u00f3n, investigaci\u00f3n y aplicaci\u00f3n de diferentes metodolog\u00edas UX, se busca el mejoramiento de productos nuevos y existentes con la finalidad de maximizar su adopci\u00f3n. Con una experiencia de usuario satisfactoria se crean productos de valor para el usuario, buscando la maximizaci\u00f3n de recursos y un mayor \u00edndice de \u00e9xito.<div class=\"et_pb_module dipi_image_mask dipi_image_mask_0\">\n\t\t\t\t\n\t\t\t\t\n\t\t\t\t\n\t\t\t\t\n\t\t\t\t\n\t\t\t\t\n\t\t\t\t<div class=\"et_pb_module_inner\">\n\t\t\t\t\t<div class=\"dipi-image-mask--mask\">\n                <svg width=\"100%\" height=\"100%\"  style=\"overflow:visible\" xmlns=\"http:\/\/www.w3.org\/2000\/svg\" xmlns:xlink=\"http:\/\/www.w3.org\/1999\/xlink\" viewBox=\"0 0 1000 1000\" aria-labelledby=\"alt-text-69dcb562a190f\" role=\"img\">\n                    <title id=\"alt-text-69dcb562a190f\"><\/title>\n                    \n                    <style><\/style>\n                    \n                    \n                    \n                <\/svg>\n            <\/div>\n\t\t\t\t<\/div>\n\t\t\t<\/div><\/p>\n","protected":false},"author":1,"featured_media":0,"parent":0,"menu_order":0,"comment_status":"closed","ping_status":"closed","template":"","meta":{"_et_pb_use_builder":"on","_et_pb_old_content":"<!-- wp:divi\/placeholder \/-->","_et_gb_content_width":"","footnotes":""},"class_list":["post-257","page","type-page","status-publish","hentry"],"_links":{"self":[{"href":"https:\/\/agilityps.mx\/index.php\/wp-json\/wp\/v2\/pages\/257","targetHints":{"allow":["GET"]}}],"collection":[{"href":"https:\/\/agilityps.mx\/index.php\/wp-json\/wp\/v2\/pages"}],"about":[{"href":"https:\/\/agilityps.mx\/index.php\/wp-json\/wp\/v2\/types\/page"}],"author":[{"embeddable":true,"href":"https:\/\/agilityps.mx\/index.php\/wp-json\/wp\/v2\/users\/1"}],"replies":[{"embeddable":true,"href":"https:\/\/agilityps.mx\/index.php\/wp-json\/wp\/v2\/comments?post=257"}],"version-history":[{"count":0,"href":"https:\/\/agilityps.mx\/index.php\/wp-json\/wp\/v2\/pages\/257\/revisions"}],"wp:attachment":[{"href":"https:\/\/agilityps.mx\/index.php\/wp-json\/wp\/v2\/media?parent=257"}],"curies":[{"name":"wp","href":"https:\/\/api.w.org\/{rel}","templated":true}]}}